{"id":346,"date":"2026-02-17T13:18:28","date_gmt":"2026-02-17T11:18:28","guid":{"rendered":"http:\/\/www.irodagep.hu\/?page_id=346"},"modified":"2026-02-17T13:24:52","modified_gmt":"2026-02-17T11:24:52","slug":"masologepek-es-nyomtatok","status":"publish","type":"page","link":"http:\/\/www.irodagep.hu\/index.php\/masologepek-es-nyomtatok\/","title":{"rendered":"M\u00e1sol\u00f3g\u00e9pek \u00e9s nyomtat\u00f3k"},"content":{"rendered":"\n<div class=\"wp-block-media-text is-stacked-on-mobile\"><figure class=\"wp-block-media-text__media\"><img loading=\"lazy\" decoding=\"async\" width=\"1000\" height=\"798\" src=\"http:\/\/www.irodagep.hu\/wp-content\/uploads\/2026\/02\/Sharp-masologep-2.jpg\" alt=\"\" class=\"wp-image-367 size-full\" srcset=\"http:\/\/www.irodagep.hu\/wp-content\/uploads\/2026\/02\/Sharp-masologep-2.jpg 1000w, http:\/\/www.irodagep.hu\/wp-content\/uploads\/2026\/02\/Sharp-masologep-2-300x239.jpg 300w, http:\/\/www.irodagep.hu\/wp-content\/uploads\/2026\/02\/Sharp-masologep-2-768x613.jpg 768w\" sizes=\"auto, (max-width: 706px) 89vw, (max-width: 767px) 82vw, 740px\" \/><\/figure><div class=\"wp-block-media-text__content\">\n<p class=\"wp-block-paragraph\"><strong>SHARP multifunkci\u00f3s m\u00e1sol\u00f3g\u00e9pek<\/strong><\/p>\n\n\n\n<p class=\"wp-block-paragraph\">Minden irodai k\u00f6rnyezethez <br>Funkci\u00f3k sz\u00e9les v\u00e1laszt\u00e9ka<br>Nagy termel\u00e9kenys\u00e9g <br>Termel\u00e9keny m\u00e1sol\u00e1s, nyomtat\u00e1s H\u00e1l\u00f3zati sz\u00ednes szkenner<br>K\u00e9toldalas dokumentum kezel\u00e9s<br>Fejlett biztons\u00e1gi megold\u00e1sok <br>Nagym\u00e9ret\u0171 \u00e9rint\u0151 LCD kezel\u0151fel\u00fclet<br>Magyar nyelv\u0171 men\u00fc <br>USB, Gigabit LAN \u00e9s Wi-Fi lehet\u0151s\u00e9g<br>Opcion\u00e1lis kieg\u00e9sz\u00edt\u0151k <br>Magas rendelkez\u00e9sre \u00e1ll\u00e1s<br>Alacsony szerviz ig\u00e9ny<br>Gazdas\u00e1gos \u00fczemeltet\u00e9s<\/p>\n<\/div><\/div>\n\n\n\n<div style=\"height:23px\" aria-hidden=\"true\" class=\"wp-block-spacer\"><\/div>\n\n\n<p class=\"wp-block-paragraph\" style=\"text-align: center;\">C\u00e9g\u00fcnk 1991 \u00f3ta a SHARP m\u00e1sol\u00f3g\u00e9pek hivatalos forgalmaz\u00f3ja \u00e9s m\u00e1rkaszervize. T\u00f6bb mint 30 \u00e9ves tapasztalattal, gyors \u00e9s megb\u00edzhat\u00f3 szerv\u00edzszolg\u00e1ltat\u00e1ssal \u00e1llunk \u00fcgyfeleink rendelkez\u00e9s\u00e9re. <br \/>A beszerz\u00e9st\u0151l kezdve t\u00e1mogatjuk \u00fcgyfeleinket, hogy hossz\u00fat\u00e1von gazdas\u00e1gos \u00e9s az ig\u00e9nyeiknek minden tekintetben megfelel\u0151 modellt v\u00e1s\u00e1roljanak.<\/p>\n<p class=\"wp-block-paragraph\" style=\"text-align: center;\">C\u00e9g\u00fcnk minden SHARP m\u00e1sol\u00f3g\u00e9phez aj\u00e1nl \u00fcgyfeleinek teljesk\u00f6r\u0171 \u00fczemeltet\u00e9si szerz\u0151d\u00e9st amelynek keret\u00e9ben kiz\u00e1r\u00f3lag az felhaszn\u00e1lt p\u00e9ld\u00e1nyok szerint fizetett d\u00edjjal, el\u0151re pontosan tervezhet\u0151 k\u00f6lts\u00e9gek mellett m\u0171k\u00f6dtethet\u0151 a k\u00e9sz\u00fcl\u00e9k.<\/p>\n<p class=\"wp-block-paragraph\" style=\"text-align: center;\">Szerviz\u00fcnk a SHARP m\u00e1sol\u00f3g\u00e9pek mellett v\u00e1llalja Samsung \u00e9s Kyocera multifunkci\u00f3s m\u00e1sol\u00f3g\u00e9pek \u00e9s nyomtat\u00f3k karbantart\u00e1s\u00e1t \u00e9s jav\u00edt\u00e1s\u00e1t.<\/p>\n\n\t\t<div class=\"wppsac-wrap wppsac-slick-carousel-wrp wppsac-clearfix \" data-conf=\"{&quot;slides_to_show&quot;:3,&quot;slides_to_scroll&quot;:1,&quot;dots&quot;:&quot;true&quot;,&quot;arrows&quot;:&quot;true&quot;,&quot;autoplay&quot;:&quot;true&quot;,&quot;autoplay_interval&quot;:3000,&quot;speed&quot;:500,&quot;rtl&quot;:&quot;false&quot;,&quot;lazyload&quot;:&quot;&quot;}\">\r\n\t\t\t<div id=\"wppsac-post-carousel-1\" class=\"wppsac-post-slider-init wppsac-post-carousel design-1\">\r\n\t\t\t\t<div class=\"wppsac-carousel-slides\">\r\n\t\r\n\t<div class=\"wppsac-post-content-position\">\r\n\t\t\r\n\t\t<h2 class=\"wppsac-post-title\">\r\n\t\t\t<a href=\"http:\/\/www.irodagep.hu\/index.php\/2026\/02\/16\/sharp-bp51c26-szines-masologep\/\">SHARP BP51C26 sz\u00ednes m\u00e1sol\u00f3g\u00e9p<\/a>\r\n\t\t<\/h2>\r\n\r\n\t\t\t\t<div class=\"wppsac-post-content\">\r\n\t\t\t<div class=\"wppsac-sub-content\">Color m\u00e1sol\u00f3 -&#8230;<\/div>\r\n\r\n\t\t\t\t\t\t<a class=\"wppsac-readmorebtn\" href=\"http:\/\/www.irodagep.hu\/index.php\/2026\/02\/16\/sharp-bp51c26-szines-masologep\/\">R\u00e9szletek<\/a>\r\n\t\t\t\t\t<\/div>\r\n\t\t\t<\/div>\r\n<\/div><div class=\"wppsac-carousel-slides\">\r\n\t\r\n\t<div class=\"wppsac-post-content-position\">\r\n\t\t\r\n\t\t<h2 class=\"wppsac-post-title\">\r\n\t\t\t<a href=\"http:\/\/www.irodagep.hu\/index.php\/2026\/02\/13\/sharp-bp20m31-masologep\/\">SHARP BP20M31 m\u00e1sol\u00f3g\u00e9p<\/a>\r\n\t\t<\/h2>\r\n\r\n\t\t\t\t<div class=\"wppsac-post-content\">\r\n\t\t\t<div class=\"wppsac-sub-content\">M\u00e1sol\u00f3 &#8211; nyomtat\u00f3&#8230;<\/div>\r\n\r\n\t\t\t\t\t\t<a class=\"wppsac-readmorebtn\" href=\"http:\/\/www.irodagep.hu\/index.php\/2026\/02\/13\/sharp-bp20m31-masologep\/\">R\u00e9szletek<\/a>\r\n\t\t\t\t\t<\/div>\r\n\t\t\t<\/div>\r\n<\/div><div class=\"wppsac-carousel-slides\">\r\n\t\r\n\t<div class=\"wppsac-post-content-position\">\r\n\t\t\r\n\t\t<h2 class=\"wppsac-post-title\">\r\n\t\t\t<a href=\"http:\/\/www.irodagep.hu\/index.php\/2026\/02\/13\/sharp-bp20m22-masologep\/\">SHARP BP20M22 m\u00e1sol\u00f3g\u00e9p<\/a>\r\n\t\t<\/h2>\r\n\r\n\t\t\t\t<div class=\"wppsac-post-content\">\r\n\t\t\t<div class=\"wppsac-sub-content\">M\u00e1sol\u00f3 &#8211; nyomtat\u00f3&#8230;<\/div>\r\n\r\n\t\t\t\t\t\t<a class=\"wppsac-readmorebtn\" href=\"http:\/\/www.irodagep.hu\/index.php\/2026\/02\/13\/sharp-bp20m22-masologep\/\">R\u00e9szletek<\/a>\r\n\t\t\t\t\t<\/div>\r\n\t\t\t<\/div>\r\n<\/div><div class=\"wppsac-carousel-slides\">\r\n\t\r\n\t<div class=\"wppsac-post-content-position\">\r\n\t\t\r\n\t\t<h2 class=\"wppsac-post-title\">\r\n\t\t\t<a href=\"http:\/\/www.irodagep.hu\/index.php\/2026\/02\/12\/sharp-bp30m28-masologep\/\">SHARP BP30M28 m\u00e1sol\u00f3g\u00e9p<\/a>\r\n\t\t<\/h2>\r\n\r\n\t\t\t\t<div class=\"wppsac-post-content\">\r\n\t\t\t<div class=\"wppsac-sub-content\">M\u00e1sol\u00f3 &#8211; nyomtat\u00f3&#8230;<\/div>\r\n\r\n\t\t\t\t\t\t<a class=\"wppsac-readmorebtn\" href=\"http:\/\/www.irodagep.hu\/index.php\/2026\/02\/12\/sharp-bp30m28-masologep\/\">R\u00e9szletek<\/a>\r\n\t\t\t\t\t<\/div>\r\n\t\t\t<\/div>\r\n<\/div>\t\t\t<\/div>\r\n\t\t<\/div>\r\n\t\n\n\n<p class=\"wp-block-paragraph\"><\/p>\n\n\n<p style=\"text-align: center;\">Telefon: +36 22 327-937 \u2013 E-Mail:\u00a0<a href=\"mailto:info@irodagep.hu\">info@irodagep.hu<\/a><br \/>8000 Sz\u00e9kesfeh\u00e9rv\u00e1r, Z\u00e1moly k\u00f6z 6.<\/p>\n\n\n<p class=\"wp-block-paragraph\"><\/p>\n","protected":false},"excerpt":{"rendered":"<p>SHARP multifunkci\u00f3s m\u00e1sol\u00f3g\u00e9pek Minden irodai k\u00f6rnyezethez Funkci\u00f3k sz\u00e9les v\u00e1laszt\u00e9kaNagy termel\u00e9kenys\u00e9g Termel\u00e9keny m\u00e1sol\u00e1s, nyomtat\u00e1s H\u00e1l\u00f3zati sz\u00ednes szkennerK\u00e9toldalas dokumentum kezel\u00e9sFejlett biztons\u00e1gi megold\u00e1sok Nagym\u00e9ret\u0171 \u00e9rint\u0151 LCD kezel\u0151fel\u00fcletMagyar nyelv\u0171 men\u00fc USB, Gigabit LAN \u00e9s Wi-Fi lehet\u0151s\u00e9gOpcion\u00e1lis kieg\u00e9sz\u00edt\u0151k Magas rendelkez\u00e9sre \u00e1ll\u00e1sAlacsony szerviz ig\u00e9nyGazdas\u00e1gos \u00fczemeltet\u00e9s C\u00e9g\u00fcnk 1991 \u00f3ta a SHARP m\u00e1sol\u00f3g\u00e9pek hivatalos forgalmaz\u00f3ja \u00e9s m\u00e1rkaszervize. T\u00f6bb mint 30 \u00e9ves tapasztalattal, gyors &hellip; <\/p>\n<p class=\"link-more\"><a href=\"http:\/\/www.irodagep.hu\/index.php\/masologepek-es-nyomtatok\/\" class=\"more-link\"><span class=\"screen-reader-text\">&#8222;M\u00e1sol\u00f3g\u00e9pek \u00e9s nyomtat\u00f3k&#8221;<\/span> b\u0151vebben<\/a><\/p>\n","protected":false},"author":1,"featured_media":0,"parent":0,"menu_order":0,"comment_status":"closed","ping_status":"closed","template":"","meta":{"_crdt_document":"","footnotes":""},"class_list":["post-346","page","type-page","status-publish","hentry"],"yoast_head":"<!-- This site is optimized with the Yoast SEO plugin v27.4 - https:\/\/yoast.com\/product\/yoast-seo-wordpress\/ -->\n<title>M\u00e1sol\u00f3g\u00e9pek \u00e9s nyomtat\u00f3k - irodag\u00e9pek - p\u00e9nzt\u00e1rg\u00e9pek<\/title>\n<meta name=\"description\" content=\"SHARP A\/4 nyomtat\u00f3 multifunkci\u00f3s m\u00e1sol\u00f3 m\u00e1sol\u00f3g\u00e9p\" \/>\n<meta name=\"robots\" content=\"index, follow, max-snippet:-1, max-image-preview:large, max-video-preview:-1\" \/>\n<link rel=\"canonical\" href=\"http:\/\/www.irodagep.hu\/index.php\/masologepek-es-nyomtatok\/\" \/>\n<meta property=\"og:locale\" content=\"hu_HU\" \/>\n<meta property=\"og:type\" content=\"article\" \/>\n<meta property=\"og:title\" content=\"M\u00e1sol\u00f3g\u00e9pek \u00e9s nyomtat\u00f3k - irodag\u00e9pek - p\u00e9nzt\u00e1rg\u00e9pek\" \/>\n<meta property=\"og:description\" content=\"SHARP A\/4 nyomtat\u00f3 multifunkci\u00f3s m\u00e1sol\u00f3 m\u00e1sol\u00f3g\u00e9p\" \/>\n<meta property=\"og:url\" content=\"http:\/\/www.irodagep.hu\/index.php\/masologepek-es-nyomtatok\/\" \/>\n<meta property=\"og:site_name\" content=\"irodag\u00e9pek - p\u00e9nzt\u00e1rg\u00e9pek\" \/>\n<meta property=\"article:modified_time\" content=\"2026-02-17T11:24:52+00:00\" \/>\n<meta property=\"og:image\" content=\"http:\/\/www.irodagep.hu\/wp-content\/uploads\/2026\/02\/Sharp-masologep-2.jpg\" \/>\n\t<meta property=\"og:image:width\" content=\"1000\" \/>\n\t<meta property=\"og:image:height\" content=\"798\" \/>\n\t<meta property=\"og:image:type\" content=\"image\/jpeg\" \/>\n<meta name=\"twitter:card\" content=\"summary_large_image\" \/>\n<meta name=\"twitter:label1\" content=\"Becs\u00fclt olvas\u00e1si id\u0151\" \/>\n\t<meta name=\"twitter:data1\" content=\"1 perc\" \/>\n<script type=\"application\/ld+json\" class=\"yoast-schema-graph\">{\"@context\":\"https:\\\/\\\/schema.org\",\"@graph\":[{\"@type\":\"WebPage\",\"@id\":\"http:\\\/\\\/www.irodagep.hu\\\/index.php\\\/masologepek-es-nyomtatok\\\/\",\"url\":\"http:\\\/\\\/www.irodagep.hu\\\/index.php\\\/masologepek-es-nyomtatok\\\/\",\"name\":\"M\u00e1sol\u00f3g\u00e9pek \u00e9s nyomtat\u00f3k - irodag\u00e9pek - p\u00e9nzt\u00e1rg\u00e9pek\",\"isPartOf\":{\"@id\":\"http:\\\/\\\/www.irodagep.hu\\\/#website\"},\"primaryImageOfPage\":{\"@id\":\"http:\\\/\\\/www.irodagep.hu\\\/index.php\\\/masologepek-es-nyomtatok\\\/#primaryimage\"},\"image\":{\"@id\":\"http:\\\/\\\/www.irodagep.hu\\\/index.php\\\/masologepek-es-nyomtatok\\\/#primaryimage\"},\"thumbnailUrl\":\"http:\\\/\\\/www.irodagep.hu\\\/wp-content\\\/uploads\\\/2026\\\/02\\\/Sharp-masologep-2.jpg\",\"datePublished\":\"2026-02-17T11:18:28+00:00\",\"dateModified\":\"2026-02-17T11:24:52+00:00\",\"description\":\"SHARP A\\\/4 nyomtat\u00f3 multifunkci\u00f3s m\u00e1sol\u00f3 m\u00e1sol\u00f3g\u00e9p\",\"breadcrumb\":{\"@id\":\"http:\\\/\\\/www.irodagep.hu\\\/index.php\\\/masologepek-es-nyomtatok\\\/#breadcrumb\"},\"inLanguage\":\"hu\",\"potentialAction\":[{\"@type\":\"ReadAction\",\"target\":[\"http:\\\/\\\/www.irodagep.hu\\\/index.php\\\/masologepek-es-nyomtatok\\\/\"]}]},{\"@type\":\"ImageObject\",\"inLanguage\":\"hu\",\"@id\":\"http:\\\/\\\/www.irodagep.hu\\\/index.php\\\/masologepek-es-nyomtatok\\\/#primaryimage\",\"url\":\"http:\\\/\\\/www.irodagep.hu\\\/wp-content\\\/uploads\\\/2026\\\/02\\\/Sharp-masologep-2.jpg\",\"contentUrl\":\"http:\\\/\\\/www.irodagep.hu\\\/wp-content\\\/uploads\\\/2026\\\/02\\\/Sharp-masologep-2.jpg\",\"width\":1000,\"height\":798},{\"@type\":\"BreadcrumbList\",\"@id\":\"http:\\\/\\\/www.irodagep.hu\\\/index.php\\\/masologepek-es-nyomtatok\\\/#breadcrumb\",\"itemListElement\":[{\"@type\":\"ListItem\",\"position\":1,\"name\":\"Kezd\u0151lap\",\"item\":\"http:\\\/\\\/www.irodagep.hu\\\/\"},{\"@type\":\"ListItem\",\"position\":2,\"name\":\"M\u00e1sol\u00f3g\u00e9pek \u00e9s nyomtat\u00f3k\"}]},{\"@type\":\"WebSite\",\"@id\":\"http:\\\/\\\/www.irodagep.hu\\\/#website\",\"url\":\"http:\\\/\\\/www.irodagep.hu\\\/\",\"name\":\"irodag\u00e9pek - p\u00e9nzt\u00e1rg\u00e9pek - szerviz\",\"description\":\"Kell\u00e9kanyagok - Szerviz - B\u00e9rbead\u00e1s\",\"potentialAction\":[{\"@type\":\"SearchAction\",\"target\":{\"@type\":\"EntryPoint\",\"urlTemplate\":\"http:\\\/\\\/www.irodagep.hu\\\/?s={search_term_string}\"},\"query-input\":{\"@type\":\"PropertyValueSpecification\",\"valueRequired\":true,\"valueName\":\"search_term_string\"}}],\"inLanguage\":\"hu\"}]}<\/script>\n<!-- \/ Yoast SEO plugin. -->","yoast_head_json":{"title":"M\u00e1sol\u00f3g\u00e9pek \u00e9s nyomtat\u00f3k - irodag\u00e9pek - p\u00e9nzt\u00e1rg\u00e9pek","description":"SHARP A\/4 nyomtat\u00f3 multifunkci\u00f3s m\u00e1sol\u00f3 m\u00e1sol\u00f3g\u00e9p","robots":{"index":"index","follow":"follow","max-snippet":"max-snippet:-1","max-image-preview":"max-image-preview:large","max-video-preview":"max-video-preview:-1"},"canonical":"http:\/\/www.irodagep.hu\/index.php\/masologepek-es-nyomtatok\/","og_locale":"hu_HU","og_type":"article","og_title":"M\u00e1sol\u00f3g\u00e9pek \u00e9s nyomtat\u00f3k - irodag\u00e9pek - p\u00e9nzt\u00e1rg\u00e9pek","og_description":"SHARP A\/4 nyomtat\u00f3 multifunkci\u00f3s m\u00e1sol\u00f3 m\u00e1sol\u00f3g\u00e9p","og_url":"http:\/\/www.irodagep.hu\/index.php\/masologepek-es-nyomtatok\/","og_site_name":"irodag\u00e9pek - p\u00e9nzt\u00e1rg\u00e9pek","article_modified_time":"2026-02-17T11:24:52+00:00","og_image":[{"width":1000,"height":798,"url":"http:\/\/www.irodagep.hu\/wp-content\/uploads\/2026\/02\/Sharp-masologep-2.jpg","type":"image\/jpeg"}],"twitter_card":"summary_large_image","twitter_misc":{"Becs\u00fclt olvas\u00e1si id\u0151":"1 perc"},"schema":{"@context":"https:\/\/schema.org","@graph":[{"@type":"WebPage","@id":"http:\/\/www.irodagep.hu\/index.php\/masologepek-es-nyomtatok\/","url":"http:\/\/www.irodagep.hu\/index.php\/masologepek-es-nyomtatok\/","name":"M\u00e1sol\u00f3g\u00e9pek \u00e9s nyomtat\u00f3k - irodag\u00e9pek - p\u00e9nzt\u00e1rg\u00e9pek","isPartOf":{"@id":"http:\/\/www.irodagep.hu\/#website"},"primaryImageOfPage":{"@id":"http:\/\/www.irodagep.hu\/index.php\/masologepek-es-nyomtatok\/#primaryimage"},"image":{"@id":"http:\/\/www.irodagep.hu\/index.php\/masologepek-es-nyomtatok\/#primaryimage"},"thumbnailUrl":"http:\/\/www.irodagep.hu\/wp-content\/uploads\/2026\/02\/Sharp-masologep-2.jpg","datePublished":"2026-02-17T11:18:28+00:00","dateModified":"2026-02-17T11:24:52+00:00","description":"SHARP A\/4 nyomtat\u00f3 multifunkci\u00f3s m\u00e1sol\u00f3 m\u00e1sol\u00f3g\u00e9p","breadcrumb":{"@id":"http:\/\/www.irodagep.hu\/index.php\/masologepek-es-nyomtatok\/#breadcrumb"},"inLanguage":"hu","potentialAction":[{"@type":"ReadAction","target":["http:\/\/www.irodagep.hu\/index.php\/masologepek-es-nyomtatok\/"]}]},{"@type":"ImageObject","inLanguage":"hu","@id":"http:\/\/www.irodagep.hu\/index.php\/masologepek-es-nyomtatok\/#primaryimage","url":"http:\/\/www.irodagep.hu\/wp-content\/uploads\/2026\/02\/Sharp-masologep-2.jpg","contentUrl":"http:\/\/www.irodagep.hu\/wp-content\/uploads\/2026\/02\/Sharp-masologep-2.jpg","width":1000,"height":798},{"@type":"BreadcrumbList","@id":"http:\/\/www.irodagep.hu\/index.php\/masologepek-es-nyomtatok\/#breadcrumb","itemListElement":[{"@type":"ListItem","position":1,"name":"Kezd\u0151lap","item":"http:\/\/www.irodagep.hu\/"},{"@type":"ListItem","position":2,"name":"M\u00e1sol\u00f3g\u00e9pek \u00e9s nyomtat\u00f3k"}]},{"@type":"WebSite","@id":"http:\/\/www.irodagep.hu\/#website","url":"http:\/\/www.irodagep.hu\/","name":"irodag\u00e9pek - p\u00e9nzt\u00e1rg\u00e9pek - szerviz","description":"Kell\u00e9kanyagok - Szerviz - B\u00e9rbead\u00e1s","potentialAction":[{"@type":"SearchAction","target":{"@type":"EntryPoint","urlTemplate":"http:\/\/www.irodagep.hu\/?s={search_term_string}"},"query-input":{"@type":"PropertyValueSpecification","valueRequired":true,"valueName":"search_term_string"}}],"inLanguage":"hu"}]}},"_links":{"self":[{"href":"http:\/\/www.irodagep.hu\/index.php\/wp-json\/wp\/v2\/pages\/346","targetHints":{"allow":["GET"]}}],"collection":[{"href":"http:\/\/www.irodagep.hu\/index.php\/wp-json\/wp\/v2\/pages"}],"about":[{"href":"http:\/\/www.irodagep.hu\/index.php\/wp-json\/wp\/v2\/types\/page"}],"author":[{"embeddable":true,"href":"http:\/\/www.irodagep.hu\/index.php\/wp-json\/wp\/v2\/users\/1"}],"replies":[{"embeddable":true,"href":"http:\/\/www.irodagep.hu\/index.php\/wp-json\/wp\/v2\/comments?post=346"}],"version-history":[{"count":22,"href":"http:\/\/www.irodagep.hu\/index.php\/wp-json\/wp\/v2\/pages\/346\/revisions"}],"predecessor-version":[{"id":374,"href":"http:\/\/www.irodagep.hu\/index.php\/wp-json\/wp\/v2\/pages\/346\/revisions\/374"}],"wp:attachment":[{"href":"http:\/\/www.irodagep.hu\/index.php\/wp-json\/wp\/v2\/media?parent=346"}],"curies":[{"name":"wp","href":"https:\/\/api.w.org\/{rel}","templated":true}]}}