{"id":45,"date":"2022-07-23T14:43:15","date_gmt":"2022-07-23T14:43:15","guid":{"rendered":"http:\/\/sotech.hu\/?page_id=45"},"modified":"2026-02-17T14:30:29","modified_gmt":"2026-02-17T12:30:29","slug":"penztargepek","status":"publish","type":"page","link":"http:\/\/www.irodagep.hu\/index.php\/penztargepek\/","title":{"rendered":"P\u00e9nzt\u00e1rg\u00e9pek"},"content":{"rendered":"\n<p class=\"wp-block-paragraph\">On-line p\u00e9nzt\u00e1rg\u00e9pek sz\u00e9les v\u00e1laszt\u00e9ka teljesk\u00f6r\u0171 \u00fczembe helyez\u00e9si \u00e9s szerviz szolg\u00e1ltat\u00e1ssal. C\u00e9g\u00fcnk a Sam4S, CashCube, CashBox, Elcom p\u00e9nzt\u00e1rg\u00e9pek hivatalos forgalmaz\u00f3ja \u00e9s szerv\u00edze. <br>\u00daj p\u00e9nzt\u00e1rg\u00e9pek 99.000,-+\u00c1FA (125.730,- Forint) \u00e1rt\u00f3l, haszn\u00e1lt p\u00e9nzt\u00e1rg\u00e9pek 39.000,- +\u00c1FA (49.530,- Forint) \u00e1rt\u00f3l rakt\u00e1rr\u00f3l, azonnal kaphat\u00f3k.<br>\u00daj p\u00e9nzt\u00e1rg\u00e9phez NAV \u00fczembe helyez\u00e9si k\u00f3dot, haszn\u00e1lt p\u00e9nzt\u00e1rg\u00e9phez NAV \u00e1tszem\u00e9lyes\u00edt\u00e9si k\u00f3dot kell ig\u00e9nyelnie minden m\u00e1st c\u00e9g\u00fcnk int\u00e9z .<br>Ha nem szeretne saj\u00e1t tulajdon\u00fa p\u00e9nzt\u00e1rg\u00e9pet v\u00e1s\u00e1rolni, vagy csak id\u0151szakosan &#8211; rendezv\u00e9nyre, szezon\u00e1lisan &#8211; van r\u00e1 sz\u00fcks\u00e9ge, vegye ig\u00e9nybe c\u00e9g\u00fcnk p\u00e9nzt\u00e1rg\u00e9p b\u00e9rbead\u00e1si szolg\u00e1ltat\u00e1s\u00e1t: <a href=\"http:\/\/www.berpenztargep.hu\">www.berpenztargep.hu <\/a><br>Kasszafi\u00f3kok, p\u00e9nzt\u00e1rol\u00f3 t\u00e1lc\u00e1k, \u00e1raz\u00f3g\u00e9pek \u00e9s c\u00edmk\u00e9k, p\u00e9nzt\u00e1rg\u00e9p \u00e9s banktermin\u00e1l tekercsek sz\u00e9les v\u00e1laszt\u00e9k\u00e1val v\u00e1rjuk \u00fczlet\u00fcnkben.<\/p>\n\n\n\n<hr class=\"wp-block-separator has-alpha-channel-opacity\"\/>\n\n\n\t\t<div class=\"wppsac-wrap wppsac-slick-carousel-wrp wppsac-clearfix \" data-conf=\"{&quot;slides_to_show&quot;:3,&quot;slides_to_scroll&quot;:1,&quot;dots&quot;:&quot;true&quot;,&quot;arrows&quot;:&quot;true&quot;,&quot;autoplay&quot;:&quot;true&quot;,&quot;autoplay_interval&quot;:3000,&quot;speed&quot;:500,&quot;rtl&quot;:&quot;false&quot;,&quot;lazyload&quot;:&quot;&quot;}\">\r\n\t\t\t<div id=\"wppsac-post-carousel-1\" class=\"wppsac-post-slider-init wppsac-post-carousel design-1\">\r\n\t\t\t\t<div class=\"wppsac-carousel-slides\">\r\n\t\r\n\t<div class=\"wppsac-post-content-position\">\r\n\t\t\r\n\t\t<h2 class=\"wppsac-post-title\">\r\n\t\t\t<a href=\"http:\/\/www.irodagep.hu\/index.php\/2026\/02\/06\/hasznalt-penztargepek\/\">Haszn\u00e1lt p\u00e9nzt\u00e1rg\u00e9pek<\/a>\r\n\t\t<\/h2>\r\n\r\n\t\t\t\t<div class=\"wppsac-post-content\">\r\n\t\t\t<div class=\"wppsac-sub-content\">Sam4S NR-300 haszn\u00e1lt p\u00e9nzt\u00e1rg\u00e9p&#8230;<\/div>\r\n\r\n\t\t\t\t\t\t<a class=\"wppsac-readmorebtn\" href=\"http:\/\/www.irodagep.hu\/index.php\/2026\/02\/06\/hasznalt-penztargepek\/\">R\u00e9szletek<\/a>\r\n\t\t\t\t\t<\/div>\r\n\t\t\t<\/div>\r\n<\/div><div class=\"wppsac-carousel-slides\">\r\n\t\r\n\t<div class=\"wppsac-post-content-position\">\r\n\t\t\r\n\t\t<h2 class=\"wppsac-post-title\">\r\n\t\t\t<a href=\"http:\/\/www.irodagep.hu\/index.php\/2026\/02\/03\/euro-150-flexy-penztargep\/\">Euro 150 Flexy p\u00e9nzt\u00e1rg\u00e9p<\/a>\r\n\t\t<\/h2>\r\n\r\n\t\t\t\t<div class=\"wppsac-post-content\">\r\n\t\t\t<div class=\"wppsac-sub-content\">Nett\u00f3 \u00e1r: 139.900,-Brutt\u00f3 \u00e1r:&#8230;<\/div>\r\n\r\n\t\t\t\t\t\t<a class=\"wppsac-readmorebtn\" href=\"http:\/\/www.irodagep.hu\/index.php\/2026\/02\/03\/euro-150-flexy-penztargep\/\">R\u00e9szletek<\/a>\r\n\t\t\t\t\t<\/div>\r\n\t\t\t<\/div>\r\n<\/div><div class=\"wppsac-carousel-slides\">\r\n\t\r\n\t<div class=\"wppsac-post-content-position\">\r\n\t\t\r\n\t\t<h2 class=\"wppsac-post-title\">\r\n\t\t\t<a href=\"http:\/\/www.irodagep.hu\/index.php\/2026\/02\/03\/sam4s-nr-330-penztargep\/\">Sam4S  NR-330 p\u00e9nzt\u00e1rg\u00e9p<\/a>\r\n\t\t<\/h2>\r\n\r\n\t\t\t\t<div class=\"wppsac-post-content\">\r\n\t\t\t<div class=\"wppsac-sub-content\">Nett\u00f3 \u00e1r: 94.900,-Brutt\u00f3 \u00e1r:&#8230;<\/div>\r\n\r\n\t\t\t\t\t\t<a class=\"wppsac-readmorebtn\" href=\"http:\/\/www.irodagep.hu\/index.php\/2026\/02\/03\/sam4s-nr-330-penztargep\/\">R\u00e9szletek<\/a>\r\n\t\t\t\t\t<\/div>\r\n\t\t\t<\/div>\r\n<\/div><div class=\"wppsac-carousel-slides\">\r\n\t\r\n\t<div class=\"wppsac-post-content-position\">\r\n\t\t\r\n\t\t<h2 class=\"wppsac-post-title\">\r\n\t\t\t<a href=\"http:\/\/www.irodagep.hu\/index.php\/2026\/02\/03\/cashbox-base-gps-penztargep\/\">CashBox Base GPS p\u00e9nzt\u00e1rg\u00e9p<\/a>\r\n\t\t<\/h2>\r\n\r\n\t\t\t\t<div class=\"wppsac-post-content\">\r\n\t\t\t<div class=\"wppsac-sub-content\">Nett\u00f3 \u00e1r: 114.900,-Brutt\u00f3 \u00e1r:&#8230;<\/div>\r\n\r\n\t\t\t\t\t\t<a class=\"wppsac-readmorebtn\" href=\"http:\/\/www.irodagep.hu\/index.php\/2026\/02\/03\/cashbox-base-gps-penztargep\/\">R\u00e9szletek<\/a>\r\n\t\t\t\t\t<\/div>\r\n\t\t\t<\/div>\r\n<\/div><div class=\"wppsac-carousel-slides\">\r\n\t\r\n\t<div class=\"wppsac-post-content-position\">\r\n\t\t\r\n\t\t<h2 class=\"wppsac-post-title\">\r\n\t\t\t<a href=\"http:\/\/www.irodagep.hu\/index.php\/2026\/02\/03\/cashbox-base-penztargep\/\">CashBox Base p\u00e9nzt\u00e1rg\u00e9p<\/a>\r\n\t\t<\/h2>\r\n\r\n\t\t\t\t<div class=\"wppsac-post-content\">\r\n\t\t\t<div class=\"wppsac-sub-content\">Nett\u00f3 \u00e1r: 104.900,-Brutt\u00f3 \u00e1r:&#8230;<\/div>\r\n\r\n\t\t\t\t\t\t<a class=\"wppsac-readmorebtn\" href=\"http:\/\/www.irodagep.hu\/index.php\/2026\/02\/03\/cashbox-base-penztargep\/\">R\u00e9szletek<\/a>\r\n\t\t\t\t\t<\/div>\r\n\t\t\t<\/div>\r\n<\/div><div class=\"wppsac-carousel-slides\">\r\n\t\r\n\t<div class=\"wppsac-post-content-position\">\r\n\t\t\r\n\t\t<h2 class=\"wppsac-post-title\">\r\n\t\t\t<a href=\"http:\/\/www.irodagep.hu\/index.php\/2026\/01\/27\/sam4s-nr-440-penztargep\/\">Sam4S  NR-440 p\u00e9nzt\u00e1rg\u00e9p<\/a>\r\n\t\t<\/h2>\r\n\r\n\t\t\t\t<div class=\"wppsac-post-content\">\r\n\t\t\t<div class=\"wppsac-sub-content\">Nett\u00f3 \u00e1r: 134.900,-Brutt\u00f3 \u00e1r:&#8230;<\/div>\r\n\r\n\t\t\t\t\t\t<a class=\"wppsac-readmorebtn\" href=\"http:\/\/www.irodagep.hu\/index.php\/2026\/01\/27\/sam4s-nr-440-penztargep\/\">R\u00e9szletek<\/a>\r\n\t\t\t\t\t<\/div>\r\n\t\t\t<\/div>\r\n<\/div><div class=\"wppsac-carousel-slides\">\r\n\t\r\n\t<div class=\"wppsac-post-content-position\">\r\n\t\t\r\n\t\t<h2 class=\"wppsac-post-title\">\r\n\t\t\t<a href=\"http:\/\/www.irodagep.hu\/index.php\/2026\/01\/27\/sam4s-nr-300-penztargep\/\">Sam4S  NR-300 p\u00e9nzt\u00e1rg\u00e9p<\/a>\r\n\t\t<\/h2>\r\n\r\n\t\t\t\t<div class=\"wppsac-post-content\">\r\n\t\t\t<div class=\"wppsac-sub-content\">Nett\u00f3 \u00e1r: 99.900,-Brutt\u00f3 \u00e1r:&#8230;<\/div>\r\n\r\n\t\t\t\t\t\t<a class=\"wppsac-readmorebtn\" href=\"http:\/\/www.irodagep.hu\/index.php\/2026\/01\/27\/sam4s-nr-300-penztargep\/\">R\u00e9szletek<\/a>\r\n\t\t\t\t\t<\/div>\r\n\t\t\t<\/div>\r\n<\/div>\t\t\t<\/div>\r\n\t\t<\/div>\r\n\t","protected":false},"excerpt":{"rendered":"<p>On-line p\u00e9nzt\u00e1rg\u00e9pek sz\u00e9les v\u00e1laszt\u00e9ka teljesk\u00f6r\u0171 \u00fczembe helyez\u00e9si \u00e9s szerviz szolg\u00e1ltat\u00e1ssal. C\u00e9g\u00fcnk a Sam4S, CashCube, CashBox, Elcom p\u00e9nzt\u00e1rg\u00e9pek hivatalos forgalmaz\u00f3ja \u00e9s szerv\u00edze. \u00daj p\u00e9nzt\u00e1rg\u00e9pek 99.000,-+\u00c1FA (125.730,- Forint) \u00e1rt\u00f3l, haszn\u00e1lt p\u00e9nzt\u00e1rg\u00e9pek 39.000,- +\u00c1FA (49.530,- Forint) \u00e1rt\u00f3l rakt\u00e1rr\u00f3l, azonnal kaphat\u00f3k.\u00daj p\u00e9nzt\u00e1rg\u00e9phez NAV \u00fczembe helyez\u00e9si k\u00f3dot, haszn\u00e1lt p\u00e9nzt\u00e1rg\u00e9phez NAV \u00e1tszem\u00e9lyes\u00edt\u00e9si k\u00f3dot kell ig\u00e9nyelnie minden m\u00e1st c\u00e9g\u00fcnk int\u00e9z .Ha nem &hellip; <\/p>\n<p class=\"link-more\"><a href=\"http:\/\/www.irodagep.hu\/index.php\/penztargepek\/\" class=\"more-link\"><span class=\"screen-reader-text\">&#8222;P\u00e9nzt\u00e1rg\u00e9pek&#8221;<\/span> b\u0151vebben<\/a><\/p>\n","protected":false},"author":1,"featured_media":309,"parent":0,"menu_order":0,"comment_status":"closed","ping_status":"closed","template":"","meta":{"_crdt_document":"","footnotes":""},"class_list":["post-45","page","type-page","status-publish","has-post-thumbnail","hentry"],"yoast_head":"<!-- This site is optimized with the Yoast SEO plugin v27.5 - https:\/\/yoast.com\/product\/yoast-seo-wordpress\/ -->\n<title>P\u00e9nzt\u00e1rg\u00e9pek - irodag\u00e9pek - p\u00e9nzt\u00e1rg\u00e9pek<\/title>\n<meta name=\"robots\" content=\"index, follow, max-snippet:-1, max-image-preview:large, max-video-preview:-1\" \/>\n<link rel=\"canonical\" href=\"http:\/\/www.irodagep.hu\/index.php\/penztargepek\/\" \/>\n<meta property=\"og:locale\" content=\"hu_HU\" \/>\n<meta property=\"og:type\" content=\"article\" \/>\n<meta property=\"og:title\" content=\"P\u00e9nzt\u00e1rg\u00e9pek - irodag\u00e9pek - p\u00e9nzt\u00e1rg\u00e9pek\" \/>\n<meta property=\"og:description\" content=\"On-line p\u00e9nzt\u00e1rg\u00e9pek sz\u00e9les v\u00e1laszt\u00e9ka teljesk\u00f6r\u0171 \u00fczembe helyez\u00e9si \u00e9s szerviz szolg\u00e1ltat\u00e1ssal. C\u00e9g\u00fcnk a Sam4S, CashCube, CashBox, Elcom p\u00e9nzt\u00e1rg\u00e9pek hivatalos forgalmaz\u00f3ja \u00e9s szerv\u00edze. \u00daj p\u00e9nzt\u00e1rg\u00e9pek 99.000,-+\u00c1FA (125.730,- Forint) \u00e1rt\u00f3l, haszn\u00e1lt p\u00e9nzt\u00e1rg\u00e9pek 39.000,- +\u00c1FA (49.530,- Forint) \u00e1rt\u00f3l rakt\u00e1rr\u00f3l, azonnal kaphat\u00f3k.\u00daj p\u00e9nzt\u00e1rg\u00e9phez NAV \u00fczembe helyez\u00e9si k\u00f3dot, haszn\u00e1lt p\u00e9nzt\u00e1rg\u00e9phez NAV \u00e1tszem\u00e9lyes\u00edt\u00e9si k\u00f3dot kell ig\u00e9nyelnie minden m\u00e1st c\u00e9g\u00fcnk int\u00e9z .Ha nem &hellip; &quot;P\u00e9nzt\u00e1rg\u00e9pek&quot; b\u0151vebben\" \/>\n<meta property=\"og:url\" content=\"http:\/\/www.irodagep.hu\/index.php\/penztargepek\/\" \/>\n<meta property=\"og:site_name\" content=\"irodag\u00e9pek - p\u00e9nzt\u00e1rg\u00e9pek\" \/>\n<meta property=\"article:modified_time\" content=\"2026-02-17T12:30:29+00:00\" \/>\n<meta property=\"og:image\" content=\"http:\/\/www.irodagep.hu\/wp-content\/uploads\/2026\/02\/penztargepek2000x300.jpg\" \/>\n\t<meta property=\"og:image:width\" content=\"2000\" \/>\n\t<meta property=\"og:image:height\" content=\"300\" \/>\n\t<meta property=\"og:image:type\" content=\"image\/jpeg\" \/>\n<meta name=\"twitter:card\" content=\"summary_large_image\" \/>\n<meta name=\"twitter:label1\" content=\"Becs\u00fclt olvas\u00e1si id\u0151\" \/>\n\t<meta name=\"twitter:data1\" content=\"1 perc\" \/>\n<script type=\"application\/ld+json\" class=\"yoast-schema-graph\">{\"@context\":\"https:\\\/\\\/schema.org\",\"@graph\":[{\"@type\":\"WebPage\",\"@id\":\"http:\\\/\\\/www.irodagep.hu\\\/index.php\\\/penztargepek\\\/\",\"url\":\"http:\\\/\\\/www.irodagep.hu\\\/index.php\\\/penztargepek\\\/\",\"name\":\"P\u00e9nzt\u00e1rg\u00e9pek - irodag\u00e9pek - p\u00e9nzt\u00e1rg\u00e9pek\",\"isPartOf\":{\"@id\":\"http:\\\/\\\/www.irodagep.hu\\\/#website\"},\"primaryImageOfPage\":{\"@id\":\"http:\\\/\\\/www.irodagep.hu\\\/index.php\\\/penztargepek\\\/#primaryimage\"},\"image\":{\"@id\":\"http:\\\/\\\/www.irodagep.hu\\\/index.php\\\/penztargepek\\\/#primaryimage\"},\"thumbnailUrl\":\"http:\\\/\\\/www.irodagep.hu\\\/wp-content\\\/uploads\\\/2026\\\/02\\\/penztargepek2000x300.jpg\",\"datePublished\":\"2022-07-23T14:43:15+00:00\",\"dateModified\":\"2026-02-17T12:30:29+00:00\",\"breadcrumb\":{\"@id\":\"http:\\\/\\\/www.irodagep.hu\\\/index.php\\\/penztargepek\\\/#breadcrumb\"},\"inLanguage\":\"hu\",\"potentialAction\":[{\"@type\":\"ReadAction\",\"target\":[\"http:\\\/\\\/www.irodagep.hu\\\/index.php\\\/penztargepek\\\/\"]}]},{\"@type\":\"ImageObject\",\"inLanguage\":\"hu\",\"@id\":\"http:\\\/\\\/www.irodagep.hu\\\/index.php\\\/penztargepek\\\/#primaryimage\",\"url\":\"http:\\\/\\\/www.irodagep.hu\\\/wp-content\\\/uploads\\\/2026\\\/02\\\/penztargepek2000x300.jpg\",\"contentUrl\":\"http:\\\/\\\/www.irodagep.hu\\\/wp-content\\\/uploads\\\/2026\\\/02\\\/penztargepek2000x300.jpg\",\"width\":2000,\"height\":300,\"caption\":\"irodagep.hu on-line p\u00e9nzt\u00e1rg\u00e9p\"},{\"@type\":\"BreadcrumbList\",\"@id\":\"http:\\\/\\\/www.irodagep.hu\\\/index.php\\\/penztargepek\\\/#breadcrumb\",\"itemListElement\":[{\"@type\":\"ListItem\",\"position\":1,\"name\":\"Kezd\u0151lap\",\"item\":\"http:\\\/\\\/www.irodagep.hu\\\/\"},{\"@type\":\"ListItem\",\"position\":2,\"name\":\"P\u00e9nzt\u00e1rg\u00e9pek\"}]},{\"@type\":\"WebSite\",\"@id\":\"http:\\\/\\\/www.irodagep.hu\\\/#website\",\"url\":\"http:\\\/\\\/www.irodagep.hu\\\/\",\"name\":\"irodag\u00e9pek - p\u00e9nzt\u00e1rg\u00e9pek - szerviz\",\"description\":\"Kell\u00e9kanyagok - Szerviz - B\u00e9rbead\u00e1s\",\"potentialAction\":[{\"@type\":\"SearchAction\",\"target\":{\"@type\":\"EntryPoint\",\"urlTemplate\":\"http:\\\/\\\/www.irodagep.hu\\\/?s={search_term_string}\"},\"query-input\":{\"@type\":\"PropertyValueSpecification\",\"valueRequired\":true,\"valueName\":\"search_term_string\"}}],\"inLanguage\":\"hu\"}]}<\/script>\n<!-- \/ Yoast SEO plugin. -->","yoast_head_json":{"title":"P\u00e9nzt\u00e1rg\u00e9pek - irodag\u00e9pek - p\u00e9nzt\u00e1rg\u00e9pek","robots":{"index":"index","follow":"follow","max-snippet":"max-snippet:-1","max-image-preview":"max-image-preview:large","max-video-preview":"max-video-preview:-1"},"canonical":"http:\/\/www.irodagep.hu\/index.php\/penztargepek\/","og_locale":"hu_HU","og_type":"article","og_title":"P\u00e9nzt\u00e1rg\u00e9pek - irodag\u00e9pek - p\u00e9nzt\u00e1rg\u00e9pek","og_description":"On-line p\u00e9nzt\u00e1rg\u00e9pek sz\u00e9les v\u00e1laszt\u00e9ka teljesk\u00f6r\u0171 \u00fczembe helyez\u00e9si \u00e9s szerviz szolg\u00e1ltat\u00e1ssal. C\u00e9g\u00fcnk a Sam4S, CashCube, CashBox, Elcom p\u00e9nzt\u00e1rg\u00e9pek hivatalos forgalmaz\u00f3ja \u00e9s szerv\u00edze. \u00daj p\u00e9nzt\u00e1rg\u00e9pek 99.000,-+\u00c1FA (125.730,- Forint) \u00e1rt\u00f3l, haszn\u00e1lt p\u00e9nzt\u00e1rg\u00e9pek 39.000,- +\u00c1FA (49.530,- Forint) \u00e1rt\u00f3l rakt\u00e1rr\u00f3l, azonnal kaphat\u00f3k.\u00daj p\u00e9nzt\u00e1rg\u00e9phez NAV \u00fczembe helyez\u00e9si k\u00f3dot, haszn\u00e1lt p\u00e9nzt\u00e1rg\u00e9phez NAV \u00e1tszem\u00e9lyes\u00edt\u00e9si k\u00f3dot kell ig\u00e9nyelnie minden m\u00e1st c\u00e9g\u00fcnk int\u00e9z .Ha nem &hellip; \"P\u00e9nzt\u00e1rg\u00e9pek\" b\u0151vebben","og_url":"http:\/\/www.irodagep.hu\/index.php\/penztargepek\/","og_site_name":"irodag\u00e9pek - p\u00e9nzt\u00e1rg\u00e9pek","article_modified_time":"2026-02-17T12:30:29+00:00","og_image":[{"width":2000,"height":300,"url":"http:\/\/www.irodagep.hu\/wp-content\/uploads\/2026\/02\/penztargepek2000x300.jpg","type":"image\/jpeg"}],"twitter_card":"summary_large_image","twitter_misc":{"Becs\u00fclt olvas\u00e1si id\u0151":"1 perc"},"schema":{"@context":"https:\/\/schema.org","@graph":[{"@type":"WebPage","@id":"http:\/\/www.irodagep.hu\/index.php\/penztargepek\/","url":"http:\/\/www.irodagep.hu\/index.php\/penztargepek\/","name":"P\u00e9nzt\u00e1rg\u00e9pek - irodag\u00e9pek - p\u00e9nzt\u00e1rg\u00e9pek","isPartOf":{"@id":"http:\/\/www.irodagep.hu\/#website"},"primaryImageOfPage":{"@id":"http:\/\/www.irodagep.hu\/index.php\/penztargepek\/#primaryimage"},"image":{"@id":"http:\/\/www.irodagep.hu\/index.php\/penztargepek\/#primaryimage"},"thumbnailUrl":"http:\/\/www.irodagep.hu\/wp-content\/uploads\/2026\/02\/penztargepek2000x300.jpg","datePublished":"2022-07-23T14:43:15+00:00","dateModified":"2026-02-17T12:30:29+00:00","breadcrumb":{"@id":"http:\/\/www.irodagep.hu\/index.php\/penztargepek\/#breadcrumb"},"inLanguage":"hu","potentialAction":[{"@type":"ReadAction","target":["http:\/\/www.irodagep.hu\/index.php\/penztargepek\/"]}]},{"@type":"ImageObject","inLanguage":"hu","@id":"http:\/\/www.irodagep.hu\/index.php\/penztargepek\/#primaryimage","url":"http:\/\/www.irodagep.hu\/wp-content\/uploads\/2026\/02\/penztargepek2000x300.jpg","contentUrl":"http:\/\/www.irodagep.hu\/wp-content\/uploads\/2026\/02\/penztargepek2000x300.jpg","width":2000,"height":300,"caption":"irodagep.hu on-line p\u00e9nzt\u00e1rg\u00e9p"},{"@type":"BreadcrumbList","@id":"http:\/\/www.irodagep.hu\/index.php\/penztargepek\/#breadcrumb","itemListElement":[{"@type":"ListItem","position":1,"name":"Kezd\u0151lap","item":"http:\/\/www.irodagep.hu\/"},{"@type":"ListItem","position":2,"name":"P\u00e9nzt\u00e1rg\u00e9pek"}]},{"@type":"WebSite","@id":"http:\/\/www.irodagep.hu\/#website","url":"http:\/\/www.irodagep.hu\/","name":"irodag\u00e9pek - p\u00e9nzt\u00e1rg\u00e9pek - szerviz","description":"Kell\u00e9kanyagok - Szerviz - B\u00e9rbead\u00e1s","potentialAction":[{"@type":"SearchAction","target":{"@type":"EntryPoint","urlTemplate":"http:\/\/www.irodagep.hu\/?s={search_term_string}"},"query-input":{"@type":"PropertyValueSpecification","valueRequired":true,"valueName":"search_term_string"}}],"inLanguage":"hu"}]}},"_links":{"self":[{"href":"http:\/\/www.irodagep.hu\/index.php\/wp-json\/wp\/v2\/pages\/45","targetHints":{"allow":["GET"]}}],"collection":[{"href":"http:\/\/www.irodagep.hu\/index.php\/wp-json\/wp\/v2\/pages"}],"about":[{"href":"http:\/\/www.irodagep.hu\/index.php\/wp-json\/wp\/v2\/types\/page"}],"author":[{"embeddable":true,"href":"http:\/\/www.irodagep.hu\/index.php\/wp-json\/wp\/v2\/users\/1"}],"replies":[{"embeddable":true,"href":"http:\/\/www.irodagep.hu\/index.php\/wp-json\/wp\/v2\/comments?post=45"}],"version-history":[{"count":20,"href":"http:\/\/www.irodagep.hu\/index.php\/wp-json\/wp\/v2\/pages\/45\/revisions"}],"predecessor-version":[{"id":378,"href":"http:\/\/www.irodagep.hu\/index.php\/wp-json\/wp\/v2\/pages\/45\/revisions\/378"}],"wp:featuredmedia":[{"embeddable":true,"href":"http:\/\/www.irodagep.hu\/index.php\/wp-json\/wp\/v2\/media\/309"}],"wp:attachment":[{"href":"http:\/\/www.irodagep.hu\/index.php\/wp-json\/wp\/v2\/media?parent=45"}],"curies":[{"name":"wp","href":"https:\/\/api.w.org\/{rel}","templated":true}]}}