{"id":53,"date":"2022-07-23T14:50:04","date_gmt":"2022-07-23T14:50:04","guid":{"rendered":"http:\/\/sotech.hu\/?page_id=53"},"modified":"2026-01-21T14:25:29","modified_gmt":"2026-01-21T12:25:29","slug":"kapcsolat","status":"publish","type":"page","link":"http:\/\/www.irodagep.hu\/index.php\/kapcsolat\/","title":{"rendered":"Kapcsolat"},"content":{"rendered":"\n<p class=\"wp-block-paragraph\">Sotech Irodatechnikai Kft.<br>8000 Sz\u00e9kesfeh\u00e9rv\u00e1r<br>Z\u00e1moly k\u00f6z 6.<br>Telefon: +36 22 327-937<br>E-Mail: info@irodagep.hu<\/p>\n","protected":false},"excerpt":{"rendered":"<p>Sotech Irodatechnikai Kft.8000 Sz\u00e9kesfeh\u00e9rv\u00e1rZ\u00e1moly k\u00f6z 6.Telefon: +36 22 327-937E-Mail: info@irodagep.hu<\/p>\n","protected":false},"author":1,"featured_media":0,"parent":0,"menu_order":0,"comment_status":"closed","ping_status":"closed","template":"","meta":{"_crdt_document":"","footnotes":""},"class_list":["post-53","page","type-page","status-publish","hentry"],"yoast_head":"<!-- This site is optimized with the Yoast SEO plugin v27.5 - https:\/\/yoast.com\/product\/yoast-seo-wordpress\/ -->\n<title>Kapcsolat - irodag\u00e9pek - p\u00e9nzt\u00e1rg\u00e9pek<\/title>\n<meta name=\"robots\" content=\"index, follow, max-snippet:-1, max-image-preview:large, max-video-preview:-1\" \/>\n<link rel=\"canonical\" href=\"http:\/\/www.irodagep.hu\/index.php\/kapcsolat\/\" \/>\n<meta property=\"og:locale\" content=\"hu_HU\" \/>\n<meta property=\"og:type\" content=\"article\" \/>\n<meta property=\"og:title\" content=\"Kapcsolat - irodag\u00e9pek - p\u00e9nzt\u00e1rg\u00e9pek\" \/>\n<meta property=\"og:description\" content=\"Sotech Irodatechnikai Kft.8000 Sz\u00e9kesfeh\u00e9rv\u00e1rZ\u00e1moly k\u00f6z 6.Telefon: +36 22 327-937E-Mail: info@irodagep.hu\" \/>\n<meta property=\"og:url\" content=\"http:\/\/www.irodagep.hu\/index.php\/kapcsolat\/\" \/>\n<meta property=\"og:site_name\" content=\"irodag\u00e9pek - p\u00e9nzt\u00e1rg\u00e9pek\" \/>\n<meta property=\"article:modified_time\" content=\"2026-01-21T12:25:29+00:00\" \/>\n<meta name=\"twitter:card\" content=\"summary_large_image\" \/>\n<meta name=\"twitter:label1\" content=\"Becs\u00fclt olvas\u00e1si id\u0151\" \/>\n\t<meta name=\"twitter:data1\" content=\"1 perc\" \/>\n<script type=\"application\/ld+json\" class=\"yoast-schema-graph\">{\"@context\":\"https:\\\/\\\/schema.org\",\"@graph\":[{\"@type\":\"WebPage\",\"@id\":\"http:\\\/\\\/www.irodagep.hu\\\/index.php\\\/kapcsolat\\\/\",\"url\":\"http:\\\/\\\/www.irodagep.hu\\\/index.php\\\/kapcsolat\\\/\",\"name\":\"Kapcsolat - irodag\u00e9pek - p\u00e9nzt\u00e1rg\u00e9pek\",\"isPartOf\":{\"@id\":\"http:\\\/\\\/www.irodagep.hu\\\/#website\"},\"datePublished\":\"2022-07-23T14:50:04+00:00\",\"dateModified\":\"2026-01-21T12:25:29+00:00\",\"breadcrumb\":{\"@id\":\"http:\\\/\\\/www.irodagep.hu\\\/index.php\\\/kapcsolat\\\/#breadcrumb\"},\"inLanguage\":\"hu\",\"potentialAction\":[{\"@type\":\"ReadAction\",\"target\":[\"http:\\\/\\\/www.irodagep.hu\\\/index.php\\\/kapcsolat\\\/\"]}]},{\"@type\":\"BreadcrumbList\",\"@id\":\"http:\\\/\\\/www.irodagep.hu\\\/index.php\\\/kapcsolat\\\/#breadcrumb\",\"itemListElement\":[{\"@type\":\"ListItem\",\"position\":1,\"name\":\"Kezd\u0151lap\",\"item\":\"http:\\\/\\\/www.irodagep.hu\\\/\"},{\"@type\":\"ListItem\",\"position\":2,\"name\":\"Kapcsolat\"}]},{\"@type\":\"WebSite\",\"@id\":\"http:\\\/\\\/www.irodagep.hu\\\/#website\",\"url\":\"http:\\\/\\\/www.irodagep.hu\\\/\",\"name\":\"irodag\u00e9pek - p\u00e9nzt\u00e1rg\u00e9pek - szerviz\",\"description\":\"Kell\u00e9kanyagok - Szerviz - B\u00e9rbead\u00e1s\",\"potentialAction\":[{\"@type\":\"SearchAction\",\"target\":{\"@type\":\"EntryPoint\",\"urlTemplate\":\"http:\\\/\\\/www.irodagep.hu\\\/?s={search_term_string}\"},\"query-input\":{\"@type\":\"PropertyValueSpecification\",\"valueRequired\":true,\"valueName\":\"search_term_string\"}}],\"inLanguage\":\"hu\"}]}<\/script>\n<!-- \/ Yoast SEO plugin. -->","yoast_head_json":{"title":"Kapcsolat - irodag\u00e9pek - p\u00e9nzt\u00e1rg\u00e9pek","robots":{"index":"index","follow":"follow","max-snippet":"max-snippet:-1","max-image-preview":"max-image-preview:large","max-video-preview":"max-video-preview:-1"},"canonical":"http:\/\/www.irodagep.hu\/index.php\/kapcsolat\/","og_locale":"hu_HU","og_type":"article","og_title":"Kapcsolat - irodag\u00e9pek - p\u00e9nzt\u00e1rg\u00e9pek","og_description":"Sotech Irodatechnikai Kft.8000 Sz\u00e9kesfeh\u00e9rv\u00e1rZ\u00e1moly k\u00f6z 6.Telefon: +36 22 327-937E-Mail: info@irodagep.hu","og_url":"http:\/\/www.irodagep.hu\/index.php\/kapcsolat\/","og_site_name":"irodag\u00e9pek - p\u00e9nzt\u00e1rg\u00e9pek","article_modified_time":"2026-01-21T12:25:29+00:00","twitter_card":"summary_large_image","twitter_misc":{"Becs\u00fclt olvas\u00e1si id\u0151":"1 perc"},"schema":{"@context":"https:\/\/schema.org","@graph":[{"@type":"WebPage","@id":"http:\/\/www.irodagep.hu\/index.php\/kapcsolat\/","url":"http:\/\/www.irodagep.hu\/index.php\/kapcsolat\/","name":"Kapcsolat - irodag\u00e9pek - p\u00e9nzt\u00e1rg\u00e9pek","isPartOf":{"@id":"http:\/\/www.irodagep.hu\/#website"},"datePublished":"2022-07-23T14:50:04+00:00","dateModified":"2026-01-21T12:25:29+00:00","breadcrumb":{"@id":"http:\/\/www.irodagep.hu\/index.php\/kapcsolat\/#breadcrumb"},"inLanguage":"hu","potentialAction":[{"@type":"ReadAction","target":["http:\/\/www.irodagep.hu\/index.php\/kapcsolat\/"]}]},{"@type":"BreadcrumbList","@id":"http:\/\/www.irodagep.hu\/index.php\/kapcsolat\/#breadcrumb","itemListElement":[{"@type":"ListItem","position":1,"name":"Kezd\u0151lap","item":"http:\/\/www.irodagep.hu\/"},{"@type":"ListItem","position":2,"name":"Kapcsolat"}]},{"@type":"WebSite","@id":"http:\/\/www.irodagep.hu\/#website","url":"http:\/\/www.irodagep.hu\/","name":"irodag\u00e9pek - p\u00e9nzt\u00e1rg\u00e9pek - szerviz","description":"Kell\u00e9kanyagok - Szerviz - B\u00e9rbead\u00e1s","potentialAction":[{"@type":"SearchAction","target":{"@type":"EntryPoint","urlTemplate":"http:\/\/www.irodagep.hu\/?s={search_term_string}"},"query-input":{"@type":"PropertyValueSpecification","valueRequired":true,"valueName":"search_term_string"}}],"inLanguage":"hu"}]}},"_links":{"self":[{"href":"http:\/\/www.irodagep.hu\/index.php\/wp-json\/wp\/v2\/pages\/53","targetHints":{"allow":["GET"]}}],"collection":[{"href":"http:\/\/www.irodagep.hu\/index.php\/wp-json\/wp\/v2\/pages"}],"about":[{"href":"http:\/\/www.irodagep.hu\/index.php\/wp-json\/wp\/v2\/types\/page"}],"author":[{"embeddable":true,"href":"http:\/\/www.irodagep.hu\/index.php\/wp-json\/wp\/v2\/users\/1"}],"replies":[{"embeddable":true,"href":"http:\/\/www.irodagep.hu\/index.php\/wp-json\/wp\/v2\/comments?post=53"}],"version-history":[{"count":2,"href":"http:\/\/www.irodagep.hu\/index.php\/wp-json\/wp\/v2\/pages\/53\/revisions"}],"predecessor-version":[{"id":80,"href":"http:\/\/www.irodagep.hu\/index.php\/wp-json\/wp\/v2\/pages\/53\/revisions\/80"}],"wp:attachment":[{"href":"http:\/\/www.irodagep.hu\/index.php\/wp-json\/wp\/v2\/media?parent=53"}],"curies":[{"name":"wp","href":"https:\/\/api.w.org\/{rel}","templated":true}]}}